{"id":4035,"date":"2021-12-17T00:04:39","date_gmt":"2021-12-17T00:04:39","guid":{"rendered":"https:\/\/lively-osteopathie.de\/contact\/"},"modified":"2026-01-19T15:16:31","modified_gmt":"2026-01-19T15:16:31","slug":"contact","status":"publish","type":"page","link":"https:\/\/lively-osteopathie.de\/en\/contact\/","title":{"rendered":"CONTACT"},"content":{"rendered":"\t\t<div data-elementor-type=\"wp-page\" data-elementor-id=\"4035\" class=\"elementor elementor-4035 elementor-3481\" data-elementor-post-type=\"page\">\n\t\t\t\t\t\t<section class=\"elementor-section elementor-top-section elementor-element elementor-element-37974fe elementor-section-boxed elementor-section-height-default elementor-section-height-default\" data-id=\"37974fe\" data-element_type=\"section\" data-e-type=\"section\">\n\t\t\t\t\t\t<div class=\"elementor-container elementor-column-gap-default\">\n\t\t\t\t\t<div class=\"elementor-column elementor-col-100 elementor-top-column elementor-element elementor-element-26a7342\" data-id=\"26a7342\" data-element_type=\"column\" data-e-type=\"column\">\n\t\t\t<div class=\"elementor-widget-wrap elementor-element-populated\">\n\t\t\t\t\t\t<div class=\"elementor-element elementor-element-2963bc7 elementor-invisible elementor-widget elementor-widget-heading\" data-id=\"2963bc7\" data-element_type=\"widget\" data-e-type=\"widget\" data-settings=\"{&quot;_animation&quot;:&quot;fadeIn&quot;}\" data-widget_type=\"heading.default\">\n\t\t\t\t<div class=\"elementor-widget-container\">\n\t\t\t\t\t<h3 class=\"elementor-heading-title elementor-size-xl\">CONTACT<\/h3>\t\t\t\t<\/div>\n\t\t\t\t<\/div>\n\t\t\t\t<div class=\"elementor-element elementor-element-927dd57 elementor-invisible elementor-widget elementor-widget-text-editor\" data-id=\"927dd57\" data-element_type=\"widget\" data-e-type=\"widget\" data-settings=\"{&quot;_animation&quot;:&quot;fadeIn&quot;}\" data-widget_type=\"text-editor.default\">\n\t\t\t\t<div class=\"elementor-widget-container\">\n\t\t\t\t\t\t\t\t\t<p>Have a question about our practice? Please visit our <a href=\"https:\/\/lively-osteopathie.de\/en\/physicians\/\">FAQ page.<\/a><\/p><p>If you need further information, please contact us and we will be happy to help:<\/p><p>email: <a href=\"mailto:praxis@lively-osteopathie.de\">praxis@lively-osteopathie.de<\/a><br>Telefon: 0211\/490 255<\/p><p><a href=\"https:\/\/www.doctolib.de\/privatpraxis\/duesseldorf\/private-orthopaedie-und-osteopathie-praxis-frank-mueller\">Make an appointment with Doctolib<\/a><\/p><p>Our <a href=\"https:\/\/lively-osteopathie.de\/en\/physicians\/\" rel=\"noopener\">doctors<\/a> speak fluent English and German.<\/p>\t\t\t\t\t\t\t\t<\/div>\n\t\t\t\t<\/div>\n\t\t\t\t<div class=\"elementor-element elementor-element-6880f90 elementor-widget-divider--view-line elementor-widget elementor-widget-divider\" data-id=\"6880f90\" data-element_type=\"widget\" data-e-type=\"widget\" data-widget_type=\"divider.default\">\n\t\t\t\t<div class=\"elementor-widget-container\">\n\t\t\t\t\t\t\t<div class=\"elementor-divider\">\n\t\t\t<span class=\"elementor-divider-separator\">\n\t\t\t\t\t\t<\/span>\n\t\t<\/div>\n\t\t\t\t\t\t<\/div>\n\t\t\t\t<\/div>\n\t\t\t\t<div class=\"elementor-element elementor-element-4d79808 elementor-widget elementor-widget-heading\" data-id=\"4d79808\" data-element_type=\"widget\" data-e-type=\"widget\" data-widget_type=\"heading.default\">\n\t\t\t\t<div class=\"elementor-widget-container\">\n\t\t\t\t\t<h3 class=\"elementor-heading-title elementor-size-xl\">Directions<\/h3>\t\t\t\t<\/div>\n\t\t\t\t<\/div>\n\t\t\t\t<div class=\"elementor-element elementor-element-54c3e32 elementor-invisible elementor-widget elementor-widget-text-editor\" data-id=\"54c3e32\" data-element_type=\"widget\" data-e-type=\"widget\" data-settings=\"{&quot;_animation&quot;:&quot;fadeIn&quot;}\" data-widget_type=\"text-editor.default\">\n\t\t\t\t<div class=\"elementor-widget-container\">\n\t\t\t\t\t\t\t\t\t<div class=\"\"><p class=\"p1\"><span style=\"color: #128d95;\"><strong><b>PARKING<\/b><\/strong><\/span> <br>Parking spots may be available on the street, across the street from the practice in the Parkplatz Kaiserswerther Stra\u00dfe, and nearby in the parking garage Q-Park Kaiserpark.<\/p><p class=\"p1\"><span style=\"color: #128d95;\"><b>PUBLIC TRANSPORTATION<\/b><\/span><br>We can be reached by the following public transportation options:<\/p><p class=\"p1\"><b>U-Bahn 78 und 79 <\/b>to ERGO-Platz\/Kleverstr.<\/p><p class=\"p1\"><b>Stra\u00dfenbahn 701 and 705<\/b> to Venloerstr.<\/p><p class=\"p1\"><b>Stra\u00dfenbahn 707<\/b> to Dreieck or Venloerstr.<\/p><p class=\"p1\"><b>Bus 722<\/b> to Kolpingplatz.<\/p><\/div>\t\t\t\t\t\t\t\t<\/div>\n\t\t\t\t<\/div>\n\t\t\t\t\t<\/div>\n\t\t<\/div>\n\t\t\t\t\t<\/div>\n\t\t<\/section>\n\t\t\t\t<section class=\"elementor-section elementor-top-section elementor-element elementor-element-3da4b9c elementor-section-boxed elementor-section-height-default elementor-section-height-default\" data-id=\"3da4b9c\" data-element_type=\"section\" data-e-type=\"section\">\n\t\t\t\t\t\t<div class=\"elementor-container elementor-column-gap-default\">\n\t\t\t\t\t<div class=\"elementor-column elementor-col-100 elementor-top-column elementor-element elementor-element-5ee51ed\" data-id=\"5ee51ed\" data-element_type=\"column\" data-e-type=\"column\">\n\t\t\t<div class=\"elementor-widget-wrap elementor-element-populated\">\n\t\t\t\t\t\t<div class=\"elementor-element elementor-element-a946f67 elementor-widget elementor-widget-google_maps\" data-id=\"a946f67\" data-element_type=\"widget\" data-e-type=\"widget\" data-widget_type=\"google_maps.default\">\n\t\t\t\t<div class=\"elementor-widget-container\">\n\t\t\t\t\t\t\t<div class=\"elementor-custom-embed\">\n\t\t\t<iframe loading=\"lazy\"\n\t\t\t\t\tsrc=\"https:\/\/maps.google.com\/maps?q=Klever%20Str.%2025%2C%2040477%20D%C3%BCsseldorf&#038;t=m&#038;z=10&#038;output=embed&#038;iwloc=near\"\n\t\t\t\t\ttitle=\"Klever Str. 25, 40477 D\u00fcsseldorf\"\n\t\t\t\t\taria-label=\"Klever Str. 25, 40477 D\u00fcsseldorf\"\n\t\t\t><\/iframe>\n\t\t<\/div>\n\t\t\t\t\t\t<\/div>\n\t\t\t\t<\/div>\n\t\t\t\t\t<\/div>\n\t\t<\/div>\n\t\t\t\t\t<\/div>\n\t\t<\/section>\n\t\t\t\t<\/div>\n\t\t","protected":false},"excerpt":{"rendered":"<p>CONTACT Have a question about our practice? Please visit our FAQ page. If you need further information, please contact us and we will be happy to help: email: praxis@lively-osteopathie.deTelefon: 0211\/490 255 Make an appointment with Doctolib Our doctors speak fluent English and German. Directions PARKING Parking spots may be available on the street, across the [&hellip;]<\/p>\n","protected":false},"author":1,"featured_media":0,"parent":0,"menu_order":0,"comment_status":"closed","ping_status":"closed","template":"elementor_header_footer","meta":{"footnotes":""},"class_list":["post-4035","page","type-page","status-publish","hentry"],"yoast_head":"<!-- This site is optimized with the Yoast SEO plugin v27.5 - https:\/\/yoast.com\/product\/yoast-seo-wordpress\/ -->\n<title>CONTACT - Lively \u00c4rztliche Osteopathie D\u00fcsseldorf<\/title>\n<meta name=\"description\" content=\"Lively is a medical practice in D\u00fcsseldorf specialized in osteopathy, orthopedics, osteoporosis and sports medicine.\" \/>\n<meta name=\"robots\" content=\"index, follow, max-snippet:-1, max-image-preview:large, max-video-preview:-1\" \/>\n<link rel=\"canonical\" href=\"https:\/\/lively-osteopathie.de\/en\/contact\/\" \/>\n<meta property=\"og:locale\" content=\"en_US\" \/>\n<meta property=\"og:type\" content=\"article\" \/>\n<meta property=\"og:title\" content=\"CONTACT - Lively \u00c4rztliche Osteopathie D\u00fcsseldorf\" \/>\n<meta property=\"og:description\" content=\"Lively is a medical practice in D\u00fcsseldorf specialized in osteopathy, orthopedics, osteoporosis and sports medicine.\" \/>\n<meta property=\"og:url\" content=\"https:\/\/lively-osteopathie.de\/en\/contact\/\" \/>\n<meta property=\"og:site_name\" content=\"Lively \u00c4rztliche Osteopathie D\u00fcsseldorf\" \/>\n<meta property=\"article:modified_time\" content=\"2026-01-19T15:16:31+00:00\" \/>\n<meta name=\"twitter:card\" content=\"summary_large_image\" \/>\n<meta name=\"twitter:label1\" content=\"Est. reading time\" \/>\n\t<meta name=\"twitter:data1\" content=\"1 minute\" \/>\n<script type=\"application\/ld+json\" class=\"yoast-schema-graph\">{\"@context\":\"https:\\\/\\\/schema.org\",\"@graph\":[{\"@type\":\"WebPage\",\"@id\":\"https:\\\/\\\/lively-osteopathie.de\\\/en\\\/contact\\\/\",\"url\":\"https:\\\/\\\/lively-osteopathie.de\\\/en\\\/contact\\\/\",\"name\":\"CONTACT - Lively \u00c4rztliche Osteopathie D\u00fcsseldorf\",\"isPartOf\":{\"@id\":\"https:\\\/\\\/lively-osteopathie.de\\\/en\\\/#website\"},\"datePublished\":\"2021-12-17T00:04:39+00:00\",\"dateModified\":\"2026-01-19T15:16:31+00:00\",\"description\":\"Lively is a medical practice in D\u00fcsseldorf specialized in osteopathy, orthopedics, osteoporosis and sports medicine.\",\"breadcrumb\":{\"@id\":\"https:\\\/\\\/lively-osteopathie.de\\\/en\\\/contact\\\/#breadcrumb\"},\"inLanguage\":\"en-US\",\"potentialAction\":[{\"@type\":\"ReadAction\",\"target\":[\"https:\\\/\\\/lively-osteopathie.de\\\/en\\\/contact\\\/\"]}]},{\"@type\":\"BreadcrumbList\",\"@id\":\"https:\\\/\\\/lively-osteopathie.de\\\/en\\\/contact\\\/#breadcrumb\",\"itemListElement\":[{\"@type\":\"ListItem\",\"position\":1,\"name\":\"Startseite\",\"item\":\"https:\\\/\\\/lively-osteopathie.de\\\/en\\\/\"},{\"@type\":\"ListItem\",\"position\":2,\"name\":\"CONTACT\"}]},{\"@type\":\"WebSite\",\"@id\":\"https:\\\/\\\/lively-osteopathie.de\\\/en\\\/#website\",\"url\":\"https:\\\/\\\/lively-osteopathie.de\\\/en\\\/\",\"name\":\"Lively \u00c4rztliche Osteopathie D\u00fcsseldorf\",\"description\":\"Praxis f\u00fcr \u00e4rztliche Osteopathie, Orthop\u00e4die und Sportmedizin\",\"publisher\":{\"@id\":\"https:\\\/\\\/lively-osteopathie.de\\\/en\\\/#organization\"},\"potentialAction\":[{\"@type\":\"SearchAction\",\"target\":{\"@type\":\"EntryPoint\",\"urlTemplate\":\"https:\\\/\\\/lively-osteopathie.de\\\/en\\\/?s={search_term_string}\"},\"query-input\":{\"@type\":\"PropertyValueSpecification\",\"valueRequired\":true,\"valueName\":\"search_term_string\"}}],\"inLanguage\":\"en-US\"},{\"@type\":\"Organization\",\"@id\":\"https:\\\/\\\/lively-osteopathie.de\\\/en\\\/#organization\",\"name\":\"Lively \u00c4rztliche Osteopathie D\u00fcsseldorf\",\"url\":\"https:\\\/\\\/lively-osteopathie.de\\\/en\\\/\",\"logo\":{\"@type\":\"ImageObject\",\"inLanguage\":\"en-US\",\"@id\":\"https:\\\/\\\/lively-osteopathie.de\\\/en\\\/#\\\/schema\\\/logo\\\/image\\\/\",\"url\":\"https:\\\/\\\/lively-osteopathie.de\\\/wp-content\\\/uploads\\\/2021\\\/07\\\/Lively_V8-b.png\",\"contentUrl\":\"https:\\\/\\\/lively-osteopathie.de\\\/wp-content\\\/uploads\\\/2021\\\/07\\\/Lively_V8-b.png\",\"width\":2500,\"height\":1300,\"caption\":\"Lively \u00c4rztliche Osteopathie D\u00fcsseldorf\"},\"image\":{\"@id\":\"https:\\\/\\\/lively-osteopathie.de\\\/en\\\/#\\\/schema\\\/logo\\\/image\\\/\"}}]}<\/script>\n<!-- \/ Yoast SEO plugin. -->","yoast_head_json":{"title":"CONTACT - Lively \u00c4rztliche Osteopathie D\u00fcsseldorf","description":"Lively is a medical practice in D\u00fcsseldorf specialized in osteopathy, orthopedics, osteoporosis and sports medicine.","robots":{"index":"index","follow":"follow","max-snippet":"max-snippet:-1","max-image-preview":"max-image-preview:large","max-video-preview":"max-video-preview:-1"},"canonical":"https:\/\/lively-osteopathie.de\/en\/contact\/","og_locale":"en_US","og_type":"article","og_title":"CONTACT - Lively \u00c4rztliche Osteopathie D\u00fcsseldorf","og_description":"Lively is a medical practice in D\u00fcsseldorf specialized in osteopathy, orthopedics, osteoporosis and sports medicine.","og_url":"https:\/\/lively-osteopathie.de\/en\/contact\/","og_site_name":"Lively \u00c4rztliche Osteopathie D\u00fcsseldorf","article_modified_time":"2026-01-19T15:16:31+00:00","twitter_card":"summary_large_image","twitter_misc":{"Est. reading time":"1 minute"},"schema":{"@context":"https:\/\/schema.org","@graph":[{"@type":"WebPage","@id":"https:\/\/lively-osteopathie.de\/en\/contact\/","url":"https:\/\/lively-osteopathie.de\/en\/contact\/","name":"CONTACT - Lively \u00c4rztliche Osteopathie D\u00fcsseldorf","isPartOf":{"@id":"https:\/\/lively-osteopathie.de\/en\/#website"},"datePublished":"2021-12-17T00:04:39+00:00","dateModified":"2026-01-19T15:16:31+00:00","description":"Lively is a medical practice in D\u00fcsseldorf specialized in osteopathy, orthopedics, osteoporosis and sports medicine.","breadcrumb":{"@id":"https:\/\/lively-osteopathie.de\/en\/contact\/#breadcrumb"},"inLanguage":"en-US","potentialAction":[{"@type":"ReadAction","target":["https:\/\/lively-osteopathie.de\/en\/contact\/"]}]},{"@type":"BreadcrumbList","@id":"https:\/\/lively-osteopathie.de\/en\/contact\/#breadcrumb","itemListElement":[{"@type":"ListItem","position":1,"name":"Startseite","item":"https:\/\/lively-osteopathie.de\/en\/"},{"@type":"ListItem","position":2,"name":"CONTACT"}]},{"@type":"WebSite","@id":"https:\/\/lively-osteopathie.de\/en\/#website","url":"https:\/\/lively-osteopathie.de\/en\/","name":"Lively \u00c4rztliche Osteopathie D\u00fcsseldorf","description":"Praxis f\u00fcr \u00e4rztliche Osteopathie, Orthop\u00e4die und Sportmedizin","publisher":{"@id":"https:\/\/lively-osteopathie.de\/en\/#organization"},"potentialAction":[{"@type":"SearchAction","target":{"@type":"EntryPoint","urlTemplate":"https:\/\/lively-osteopathie.de\/en\/?s={search_term_string}"},"query-input":{"@type":"PropertyValueSpecification","valueRequired":true,"valueName":"search_term_string"}}],"inLanguage":"en-US"},{"@type":"Organization","@id":"https:\/\/lively-osteopathie.de\/en\/#organization","name":"Lively \u00c4rztliche Osteopathie D\u00fcsseldorf","url":"https:\/\/lively-osteopathie.de\/en\/","logo":{"@type":"ImageObject","inLanguage":"en-US","@id":"https:\/\/lively-osteopathie.de\/en\/#\/schema\/logo\/image\/","url":"https:\/\/lively-osteopathie.de\/wp-content\/uploads\/2021\/07\/Lively_V8-b.png","contentUrl":"https:\/\/lively-osteopathie.de\/wp-content\/uploads\/2021\/07\/Lively_V8-b.png","width":2500,"height":1300,"caption":"Lively \u00c4rztliche Osteopathie D\u00fcsseldorf"},"image":{"@id":"https:\/\/lively-osteopathie.de\/en\/#\/schema\/logo\/image\/"}}]}},"_links":{"self":[{"href":"https:\/\/lively-osteopathie.de\/en\/wp-json\/wp\/v2\/pages\/4035","targetHints":{"allow":["GET"]}}],"collection":[{"href":"https:\/\/lively-osteopathie.de\/en\/wp-json\/wp\/v2\/pages"}],"about":[{"href":"https:\/\/lively-osteopathie.de\/en\/wp-json\/wp\/v2\/types\/page"}],"author":[{"embeddable":true,"href":"https:\/\/lively-osteopathie.de\/en\/wp-json\/wp\/v2\/users\/1"}],"replies":[{"embeddable":true,"href":"https:\/\/lively-osteopathie.de\/en\/wp-json\/wp\/v2\/comments?post=4035"}],"version-history":[{"count":53,"href":"https:\/\/lively-osteopathie.de\/en\/wp-json\/wp\/v2\/pages\/4035\/revisions"}],"predecessor-version":[{"id":7081,"href":"https:\/\/lively-osteopathie.de\/en\/wp-json\/wp\/v2\/pages\/4035\/revisions\/7081"}],"wp:attachment":[{"href":"https:\/\/lively-osteopathie.de\/en\/wp-json\/wp\/v2\/media?parent=4035"}],"curies":[{"name":"wp","href":"https:\/\/api.w.org\/{rel}","templated":true}]}}