{"id":4069,"date":"2021-12-17T09:03:00","date_gmt":"2021-12-17T09:03:00","guid":{"rendered":"https:\/\/lively-osteopathie.de\/faq\/"},"modified":"2022-09-09T11:57:56","modified_gmt":"2022-09-09T11:57:56","slug":"faq","status":"publish","type":"page","link":"https:\/\/lively-osteopathie.de\/en\/faq\/","title":{"rendered":"FAQ"},"content":{"rendered":"\t\t<div data-elementor-type=\"wp-page\" data-elementor-id=\"4069\" class=\"elementor elementor-4069\" data-elementor-post-type=\"page\">\n\t\t\t\t\t\t<section class=\"elementor-section elementor-top-section elementor-element elementor-element-37974fe elementor-section-boxed elementor-section-height-default elementor-section-height-default\" data-id=\"37974fe\" data-element_type=\"section\" data-e-type=\"section\">\n\t\t\t\t\t\t<div class=\"elementor-container elementor-column-gap-default\">\n\t\t\t\t\t<div class=\"elementor-column elementor-col-100 elementor-top-column elementor-element elementor-element-26a7342\" data-id=\"26a7342\" data-element_type=\"column\" data-e-type=\"column\">\n\t\t\t<div class=\"elementor-widget-wrap elementor-element-populated\">\n\t\t\t\t\t\t<div class=\"elementor-element elementor-element-2963bc7 elementor-invisible elementor-widget elementor-widget-heading\" data-id=\"2963bc7\" data-element_type=\"widget\" data-e-type=\"widget\" data-settings=\"{&quot;_animation&quot;:&quot;fadeIn&quot;}\" data-widget_type=\"heading.default\">\n\t\t\t\t<div class=\"elementor-widget-container\">\n\t\t\t\t\t<h3 class=\"elementor-heading-title elementor-size-xl\">FAQ<\/h3>\t\t\t\t<\/div>\n\t\t\t\t<\/div>\n\t\t\t\t<div class=\"elementor-element elementor-element-927dd57 elementor-invisible elementor-widget elementor-widget-text-editor\" data-id=\"927dd57\" data-element_type=\"widget\" data-e-type=\"widget\" data-settings=\"{&quot;_animation&quot;:&quot;fadeIn&quot;}\" data-widget_type=\"text-editor.default\">\n\t\t\t\t<div class=\"elementor-widget-container\">\n\t\t\t\t\t\t\t\t\t<p>Have a question about our practice? Here are answers to our frequently asked questions. If you need further information, please <a href=\"https:\/\/lively-osteopathie.de\/en\/contact\/\">contact us<\/a> and we will be happy to help.<\/p>\t\t\t\t\t\t\t\t<\/div>\n\t\t\t\t<\/div>\n\t\t\t\t<div class=\"elementor-element elementor-element-f89ae6a elementor-widget elementor-widget-spacer\" data-id=\"f89ae6a\" data-element_type=\"widget\" data-e-type=\"widget\" data-widget_type=\"spacer.default\">\n\t\t\t\t<div class=\"elementor-widget-container\">\n\t\t\t\t\t\t\t<div class=\"elementor-spacer\">\n\t\t\t<div class=\"elementor-spacer-inner\"><\/div>\n\t\t<\/div>\n\t\t\t\t\t\t<\/div>\n\t\t\t\t<\/div>\n\t\t\t\t\t<\/div>\n\t\t<\/div>\n\t\t\t\t\t<\/div>\n\t\t<\/section>\n\t\t\t\t<section class=\"elementor-section elementor-top-section elementor-element elementor-element-7e535f8 elementor-section-boxed elementor-section-height-default elementor-section-height-default\" data-id=\"7e535f8\" data-element_type=\"section\" data-e-type=\"section\">\n\t\t\t\t\t\t<div class=\"elementor-container elementor-column-gap-default\">\n\t\t\t\t\t<div class=\"elementor-column elementor-col-100 elementor-top-column elementor-element elementor-element-d5218a4\" data-id=\"d5218a4\" data-element_type=\"column\" data-e-type=\"column\">\n\t\t\t<div class=\"elementor-widget-wrap elementor-element-populated\">\n\t\t\t\t\t\t<div class=\"elementor-element elementor-element-ce0ca67 elementor-widget elementor-widget-heading\" data-id=\"ce0ca67\" data-element_type=\"widget\" data-e-type=\"widget\" data-widget_type=\"heading.default\">\n\t\t\t\t<div class=\"elementor-widget-container\">\n\t\t\t\t\t<h4 class=\"elementor-heading-title elementor-size-large\">Do you take insurance?<\/h4>\t\t\t\t<\/div>\n\t\t\t\t<\/div>\n\t\t\t\t<div class=\"elementor-element elementor-element-9203915 elementor-widget elementor-widget-text-editor\" data-id=\"9203915\" data-element_type=\"widget\" data-e-type=\"widget\" data-widget_type=\"text-editor.default\">\n\t\t\t\t<div class=\"elementor-widget-container\">\n\t\t\t\t\t\t\t\t\t<p>Unfortunately, we do not accept public insurance (GKV). However, many public insurance companies will reimburse you for all or part of the fee you pay. Please inquire our staff regarding this process. Private insurance (PKV) is generally reimbursed by the insurance company and self payment is always possible.<\/p>\n\t\t\t\t\t\t\t\t<\/div>\n\t\t\t\t<\/div>\n\t\t\t\t<div class=\"elementor-element elementor-element-f44e16d elementor-widget elementor-widget-heading\" data-id=\"f44e16d\" data-element_type=\"widget\" data-e-type=\"widget\" data-widget_type=\"heading.default\">\n\t\t\t\t<div class=\"elementor-widget-container\">\n\t\t\t\t\t<h4 class=\"elementor-heading-title elementor-size-medium\">If I have public insurance, can I still see your physicians?<\/h4>\t\t\t\t<\/div>\n\t\t\t\t<\/div>\n\t\t\t\t<div class=\"elementor-element elementor-element-59135d7 elementor-widget elementor-widget-text-editor\" data-id=\"59135d7\" data-element_type=\"widget\" data-e-type=\"widget\" data-widget_type=\"text-editor.default\">\n\t\t\t\t<div class=\"elementor-widget-container\">\n\t\t\t\t\t\t\t\t\t<p>Yes. Although you must pay out of pocket at our office, many public insurance companies will reimburse at least a portion of the fee. Please inquire our staff regarding this process and our fees.<\/p>\n\t\t\t\t\t\t\t\t<\/div>\n\t\t\t\t<\/div>\n\t\t\t\t<div class=\"elementor-element elementor-element-d3cdda9 elementor-widget elementor-widget-heading\" data-id=\"d3cdda9\" data-element_type=\"widget\" data-e-type=\"widget\" data-widget_type=\"heading.default\">\n\t\t\t\t<div class=\"elementor-widget-container\">\n\t\t\t\t\t<h4 class=\"elementor-heading-title elementor-size-medium\">How are osteopathy and orthopedics used together?<\/h4>\t\t\t\t<\/div>\n\t\t\t\t<\/div>\n\t\t\t\t<div class=\"elementor-element elementor-element-7616aee elementor-widget elementor-widget-text-editor\" data-id=\"7616aee\" data-element_type=\"widget\" data-e-type=\"widget\" data-widget_type=\"text-editor.default\">\n\t\t\t\t<div class=\"elementor-widget-container\">\n\t\t\t\t\t\t\t\t\t<p><span data-sheets-value=\"{\" data-sheets-userformat=\"{\">When one has a joint or muscle issue, both orthopedic and osteopathic evaluations can help determine the origin of the pain. When the diagnosis does not require immediate surgery, certain <a href=\"https:\/\/lively-osteopathie.de\/en\/specialties\/#Orthopedics\">non-surgical orthopedic treatments<\/a> may be useful, such as bracing or injections. Often <a href=\"https:\/\/lively-osteopathie.de\/en\/specialties\/#Orthopedics\">osteopathic treatment<\/a> can be helpful in reducing pain and improving movement, and can at times even prevent or delay the need for surgery.<\/span><\/p>\t\t\t\t\t\t\t\t<\/div>\n\t\t\t\t<\/div>\n\t\t\t\t<div class=\"elementor-element elementor-element-d98126b elementor-widget elementor-widget-heading\" data-id=\"d98126b\" data-element_type=\"widget\" data-e-type=\"widget\" data-widget_type=\"heading.default\">\n\t\t\t\t<div class=\"elementor-widget-container\">\n\t\t\t\t\t<h4 class=\"elementor-heading-title elementor-size-medium\">Do you see conventional medicine as bad or worthless?<\/h4>\t\t\t\t<\/div>\n\t\t\t\t<\/div>\n\t\t\t\t<div class=\"elementor-element elementor-element-677a067 elementor-widget elementor-widget-text-editor\" data-id=\"677a067\" data-element_type=\"widget\" data-e-type=\"widget\" data-widget_type=\"text-editor.default\">\n\t\t\t\t<div class=\"elementor-widget-container\">\n\t\t\t\t\t\t\t\t\t<p>No, conventional medicine provides so much and allows for an overall higher quality and length of life than ever before. Progress and advancements are constantly taking place in every field. <a href=\"https:\/\/lively-osteopathie.de\/en\/specialties\/#Osteopathy\">Osteopathic medicine<\/a> has a place in treating disease states, helping with prevention of issues, and potentially detecting issues early on, giving more time for appropriate referral, evaluation, and treatment. <a href=\"https:\/\/lively-osteopathie.de\/en\/physicians\/\">Our physicians<\/a> are board-certified doctors and integrate their treatments through both the conventional and osteopathic lenses simultaneously.<\/p>\t\t\t\t\t\t\t\t<\/div>\n\t\t\t\t<\/div>\n\t\t\t\t<div class=\"elementor-element elementor-element-9c68427 elementor-widget elementor-widget-heading\" data-id=\"9c68427\" data-element_type=\"widget\" data-e-type=\"widget\" data-widget_type=\"heading.default\">\n\t\t\t\t<div class=\"elementor-widget-container\">\n\t\t\t\t\t<h4 class=\"elementor-heading-title elementor-size-medium\">Is osteopathic medical treatment safe in pregnancy?<\/h4>\t\t\t\t<\/div>\n\t\t\t\t<\/div>\n\t\t\t\t<div class=\"elementor-element elementor-element-409252e elementor-widget elementor-widget-text-editor\" data-id=\"409252e\" data-element_type=\"widget\" data-e-type=\"widget\" data-widget_type=\"text-editor.default\">\n\t\t\t\t<div class=\"elementor-widget-container\">\n\t\t\t\t\t\t\t\t\t<p><span data-sheets-value=\"{\" data-sheets-userformat=\"{\">Yes, <a href=\"https:\/\/lively-osteopathie.de\/en\/specialties\/#Osteopathy\">osteopathy<\/a> is considered safe in <a href=\"https:\/\/lively-osteopathie.de\/en\/conditions-treated\/#Pregnancy\">pregnancy<\/a>. Several studies suggest improved birth outcomes when women are treated during pregnancy. Other studies note improvement in back and pelvic pain.<\/span><\/p>\t\t\t\t\t\t\t\t<\/div>\n\t\t\t\t<\/div>\n\t\t\t\t<div class=\"elementor-element elementor-element-adeea01 elementor-widget elementor-widget-heading\" data-id=\"adeea01\" data-element_type=\"widget\" data-e-type=\"widget\" data-widget_type=\"heading.default\">\n\t\t\t\t<div class=\"elementor-widget-container\">\n\t\t\t\t\t<h4 class=\"elementor-heading-title elementor-size-medium\">I have acute pain. Can I get a same-day appointment?<\/h4>\t\t\t\t<\/div>\n\t\t\t\t<\/div>\n\t\t\t\t<div class=\"elementor-element elementor-element-2e86c37 elementor-widget elementor-widget-text-editor\" data-id=\"2e86c37\" data-element_type=\"widget\" data-e-type=\"widget\" data-widget_type=\"text-editor.default\">\n\t\t\t\t<div class=\"elementor-widget-container\">\n\t\t\t\t\t\t\t\t\t<p><span data-sheets-value=\"{\" data-sheets-userformat=\"{\">Every morning includes appointment slots available for urgent needs. Please <a href=\"https:\/\/lively-osteopathie.de\/en\/contact\/\">contact<\/a> the office to determine availability. If there is any concern for medical emergency, please visit the emergency room instead.<\/span><\/p>\t\t\t\t\t\t\t\t<\/div>\n\t\t\t\t<\/div>\n\t\t\t\t<div class=\"elementor-element elementor-element-fed154c elementor-widget elementor-widget-heading\" data-id=\"fed154c\" data-element_type=\"widget\" data-e-type=\"widget\" data-widget_type=\"heading.default\">\n\t\t\t\t<div class=\"elementor-widget-container\">\n\t\t\t\t\t<h4 class=\"elementor-heading-title elementor-size-medium\">I have fibromyalgia and am very sensitive to touch. Would treatment from your physicians be appropriate for me?<\/h4>\t\t\t\t<\/div>\n\t\t\t\t<\/div>\n\t\t\t\t<div class=\"elementor-element elementor-element-e87dc67 elementor-widget elementor-widget-text-editor\" data-id=\"e87dc67\" data-element_type=\"widget\" data-e-type=\"widget\" data-widget_type=\"text-editor.default\">\n\t\t\t\t<div class=\"elementor-widget-container\">\n\t\t\t\t\t\t\t\t\t<p><span data-sheets-value=\"{\" data-sheets-userformat=\"{\">We evaluate each patient individually to determine the best treatment course for their needs. We are trained to use hands-on treatment in ways to be considerate of patients&#8217; sensitivity with an awareness of comfort and efficacy. We listen to your feedback to endeavour to make our treatment acceptable to you.<\/span><\/p>\n\t\t\t\t\t\t\t\t<\/div>\n\t\t\t\t<\/div>\n\t\t\t\t\t<\/div>\n\t\t<\/div>\n\t\t\t\t\t<\/div>\n\t\t<\/section>\n\t\t\t\t<\/div>\n\t\t","protected":false},"excerpt":{"rendered":"<p>FAQ Have a question about our practice? Here are answers to our frequently asked questions. If you need further information, please contact us and we will be happy to help. Do you take insurance? Unfortunately, we do not accept public insurance (GKV). However, many public insurance companies will reimburse you for all or part of [&hellip;]<\/p>\n","protected":false},"author":1,"featured_media":0,"parent":0,"menu_order":0,"comment_status":"closed","ping_status":"closed","template":"elementor_header_footer","meta":{"footnotes":""},"class_list":["post-4069","page","type-page","status-publish","hentry"],"yoast_head":"<!-- This site is optimized with the Yoast SEO plugin v27.5 - https:\/\/yoast.com\/product\/yoast-seo-wordpress\/ -->\n<title>FAQ - Lively \u00c4rztliche Osteopathie D\u00fcsseldorf<\/title>\n<meta name=\"description\" content=\"Lively is a medical practice in d\u00fcsseldorf specialized in osteopathy, orthopedics, osteoporosis and sports medicine.\" \/>\n<meta name=\"robots\" content=\"index, follow, max-snippet:-1, max-image-preview:large, max-video-preview:-1\" \/>\n<link rel=\"canonical\" href=\"https:\/\/lively-osteopathie.de\/en\/faq\/\" \/>\n<meta property=\"og:locale\" content=\"en_US\" \/>\n<meta property=\"og:type\" content=\"article\" \/>\n<meta property=\"og:title\" content=\"FAQ - Lively \u00c4rztliche Osteopathie D\u00fcsseldorf\" \/>\n<meta property=\"og:description\" content=\"Lively is a medical practice in d\u00fcsseldorf specialized in osteopathy, orthopedics, osteoporosis and sports medicine.\" \/>\n<meta property=\"og:url\" content=\"https:\/\/lively-osteopathie.de\/en\/faq\/\" \/>\n<meta property=\"og:site_name\" content=\"Lively \u00c4rztliche Osteopathie D\u00fcsseldorf\" \/>\n<meta property=\"article:modified_time\" content=\"2022-09-09T11:57:56+00:00\" \/>\n<meta name=\"twitter:card\" content=\"summary_large_image\" \/>\n<meta name=\"twitter:label1\" content=\"Est. reading time\" \/>\n\t<meta name=\"twitter:data1\" content=\"2 minutes\" \/>\n<script type=\"application\/ld+json\" class=\"yoast-schema-graph\">{\"@context\":\"https:\\\/\\\/schema.org\",\"@graph\":[{\"@type\":\"WebPage\",\"@id\":\"https:\\\/\\\/lively-osteopathie.de\\\/en\\\/faq\\\/\",\"url\":\"https:\\\/\\\/lively-osteopathie.de\\\/en\\\/faq\\\/\",\"name\":\"FAQ - Lively \u00c4rztliche Osteopathie D\u00fcsseldorf\",\"isPartOf\":{\"@id\":\"https:\\\/\\\/lively-osteopathie.de\\\/en\\\/#website\"},\"datePublished\":\"2021-12-17T09:03:00+00:00\",\"dateModified\":\"2022-09-09T11:57:56+00:00\",\"description\":\"Lively is a medical practice in d\u00fcsseldorf specialized in osteopathy, orthopedics, osteoporosis and sports medicine.\",\"breadcrumb\":{\"@id\":\"https:\\\/\\\/lively-osteopathie.de\\\/en\\\/faq\\\/#breadcrumb\"},\"inLanguage\":\"en-US\",\"potentialAction\":[{\"@type\":\"ReadAction\",\"target\":[\"https:\\\/\\\/lively-osteopathie.de\\\/en\\\/faq\\\/\"]}]},{\"@type\":\"BreadcrumbList\",\"@id\":\"https:\\\/\\\/lively-osteopathie.de\\\/en\\\/faq\\\/#breadcrumb\",\"itemListElement\":[{\"@type\":\"ListItem\",\"position\":1,\"name\":\"Startseite\",\"item\":\"https:\\\/\\\/lively-osteopathie.de\\\/en\\\/\"},{\"@type\":\"ListItem\",\"position\":2,\"name\":\"FAQ\"}]},{\"@type\":\"WebSite\",\"@id\":\"https:\\\/\\\/lively-osteopathie.de\\\/en\\\/#website\",\"url\":\"https:\\\/\\\/lively-osteopathie.de\\\/en\\\/\",\"name\":\"Lively \u00c4rztliche Osteopathie D\u00fcsseldorf\",\"description\":\"Praxis f\u00fcr \u00e4rztliche Osteopathie, Orthop\u00e4die und Sportmedizin\",\"publisher\":{\"@id\":\"https:\\\/\\\/lively-osteopathie.de\\\/en\\\/#organization\"},\"potentialAction\":[{\"@type\":\"SearchAction\",\"target\":{\"@type\":\"EntryPoint\",\"urlTemplate\":\"https:\\\/\\\/lively-osteopathie.de\\\/en\\\/?s={search_term_string}\"},\"query-input\":{\"@type\":\"PropertyValueSpecification\",\"valueRequired\":true,\"valueName\":\"search_term_string\"}}],\"inLanguage\":\"en-US\"},{\"@type\":\"Organization\",\"@id\":\"https:\\\/\\\/lively-osteopathie.de\\\/en\\\/#organization\",\"name\":\"Lively \u00c4rztliche Osteopathie D\u00fcsseldorf\",\"url\":\"https:\\\/\\\/lively-osteopathie.de\\\/en\\\/\",\"logo\":{\"@type\":\"ImageObject\",\"inLanguage\":\"en-US\",\"@id\":\"https:\\\/\\\/lively-osteopathie.de\\\/en\\\/#\\\/schema\\\/logo\\\/image\\\/\",\"url\":\"https:\\\/\\\/lively-osteopathie.de\\\/wp-content\\\/uploads\\\/2021\\\/07\\\/Lively_V8-b.png\",\"contentUrl\":\"https:\\\/\\\/lively-osteopathie.de\\\/wp-content\\\/uploads\\\/2021\\\/07\\\/Lively_V8-b.png\",\"width\":2500,\"height\":1300,\"caption\":\"Lively \u00c4rztliche Osteopathie D\u00fcsseldorf\"},\"image\":{\"@id\":\"https:\\\/\\\/lively-osteopathie.de\\\/en\\\/#\\\/schema\\\/logo\\\/image\\\/\"}}]}<\/script>\n<!-- \/ Yoast SEO plugin. -->","yoast_head_json":{"title":"FAQ - Lively \u00c4rztliche Osteopathie D\u00fcsseldorf","description":"Lively is a medical practice in d\u00fcsseldorf specialized in osteopathy, orthopedics, osteoporosis and sports medicine.","robots":{"index":"index","follow":"follow","max-snippet":"max-snippet:-1","max-image-preview":"max-image-preview:large","max-video-preview":"max-video-preview:-1"},"canonical":"https:\/\/lively-osteopathie.de\/en\/faq\/","og_locale":"en_US","og_type":"article","og_title":"FAQ - Lively \u00c4rztliche Osteopathie D\u00fcsseldorf","og_description":"Lively is a medical practice in d\u00fcsseldorf specialized in osteopathy, orthopedics, osteoporosis and sports medicine.","og_url":"https:\/\/lively-osteopathie.de\/en\/faq\/","og_site_name":"Lively \u00c4rztliche Osteopathie D\u00fcsseldorf","article_modified_time":"2022-09-09T11:57:56+00:00","twitter_card":"summary_large_image","twitter_misc":{"Est. reading time":"2 minutes"},"schema":{"@context":"https:\/\/schema.org","@graph":[{"@type":"WebPage","@id":"https:\/\/lively-osteopathie.de\/en\/faq\/","url":"https:\/\/lively-osteopathie.de\/en\/faq\/","name":"FAQ - Lively \u00c4rztliche Osteopathie D\u00fcsseldorf","isPartOf":{"@id":"https:\/\/lively-osteopathie.de\/en\/#website"},"datePublished":"2021-12-17T09:03:00+00:00","dateModified":"2022-09-09T11:57:56+00:00","description":"Lively is a medical practice in d\u00fcsseldorf specialized in osteopathy, orthopedics, osteoporosis and sports medicine.","breadcrumb":{"@id":"https:\/\/lively-osteopathie.de\/en\/faq\/#breadcrumb"},"inLanguage":"en-US","potentialAction":[{"@type":"ReadAction","target":["https:\/\/lively-osteopathie.de\/en\/faq\/"]}]},{"@type":"BreadcrumbList","@id":"https:\/\/lively-osteopathie.de\/en\/faq\/#breadcrumb","itemListElement":[{"@type":"ListItem","position":1,"name":"Startseite","item":"https:\/\/lively-osteopathie.de\/en\/"},{"@type":"ListItem","position":2,"name":"FAQ"}]},{"@type":"WebSite","@id":"https:\/\/lively-osteopathie.de\/en\/#website","url":"https:\/\/lively-osteopathie.de\/en\/","name":"Lively \u00c4rztliche Osteopathie D\u00fcsseldorf","description":"Praxis f\u00fcr \u00e4rztliche Osteopathie, Orthop\u00e4die und Sportmedizin","publisher":{"@id":"https:\/\/lively-osteopathie.de\/en\/#organization"},"potentialAction":[{"@type":"SearchAction","target":{"@type":"EntryPoint","urlTemplate":"https:\/\/lively-osteopathie.de\/en\/?s={search_term_string}"},"query-input":{"@type":"PropertyValueSpecification","valueRequired":true,"valueName":"search_term_string"}}],"inLanguage":"en-US"},{"@type":"Organization","@id":"https:\/\/lively-osteopathie.de\/en\/#organization","name":"Lively \u00c4rztliche Osteopathie D\u00fcsseldorf","url":"https:\/\/lively-osteopathie.de\/en\/","logo":{"@type":"ImageObject","inLanguage":"en-US","@id":"https:\/\/lively-osteopathie.de\/en\/#\/schema\/logo\/image\/","url":"https:\/\/lively-osteopathie.de\/wp-content\/uploads\/2021\/07\/Lively_V8-b.png","contentUrl":"https:\/\/lively-osteopathie.de\/wp-content\/uploads\/2021\/07\/Lively_V8-b.png","width":2500,"height":1300,"caption":"Lively \u00c4rztliche Osteopathie D\u00fcsseldorf"},"image":{"@id":"https:\/\/lively-osteopathie.de\/en\/#\/schema\/logo\/image\/"}}]}},"_links":{"self":[{"href":"https:\/\/lively-osteopathie.de\/en\/wp-json\/wp\/v2\/pages\/4069","targetHints":{"allow":["GET"]}}],"collection":[{"href":"https:\/\/lively-osteopathie.de\/en\/wp-json\/wp\/v2\/pages"}],"about":[{"href":"https:\/\/lively-osteopathie.de\/en\/wp-json\/wp\/v2\/types\/page"}],"author":[{"embeddable":true,"href":"https:\/\/lively-osteopathie.de\/en\/wp-json\/wp\/v2\/users\/1"}],"replies":[{"embeddable":true,"href":"https:\/\/lively-osteopathie.de\/en\/wp-json\/wp\/v2\/comments?post=4069"}],"version-history":[{"count":32,"href":"https:\/\/lively-osteopathie.de\/en\/wp-json\/wp\/v2\/pages\/4069\/revisions"}],"predecessor-version":[{"id":6727,"href":"https:\/\/lively-osteopathie.de\/en\/wp-json\/wp\/v2\/pages\/4069\/revisions\/6727"}],"wp:attachment":[{"href":"https:\/\/lively-osteopathie.de\/en\/wp-json\/wp\/v2\/media?parent=4069"}],"curies":[{"name":"wp","href":"https:\/\/api.w.org\/{rel}","templated":true}]}}