{"id":5659,"date":"2022-03-16T21:21:23","date_gmt":"2022-03-16T21:21:23","guid":{"rendered":"https:\/\/lively-osteopathie.de\/imprint\/"},"modified":"2023-02-03T10:23:23","modified_gmt":"2023-02-03T10:23:23","slug":"imprint","status":"publish","type":"page","link":"https:\/\/lively-osteopathie.de\/en\/imprint\/","title":{"rendered":"Imprint"},"content":{"rendered":"\t\t<div data-elementor-type=\"wp-page\" data-elementor-id=\"5659\" class=\"elementor elementor-5659 elementor-1938\" data-elementor-post-type=\"page\">\n\t\t\t\t\t\t<section class=\"elementor-section elementor-top-section elementor-element elementor-element-2ad1c99d elementor-section-boxed elementor-section-height-default elementor-section-height-default\" data-id=\"2ad1c99d\" data-element_type=\"section\" data-e-type=\"section\">\n\t\t\t\t\t\t\t<div class=\"elementor-background-overlay\"><\/div>\n\t\t\t\t\t\t\t<div class=\"elementor-container elementor-column-gap-default\">\n\t\t\t\t\t<div class=\"elementor-column elementor-col-100 elementor-top-column elementor-element elementor-element-41f2ee1d\" data-id=\"41f2ee1d\" data-element_type=\"column\" data-e-type=\"column\">\n\t\t\t<div class=\"elementor-widget-wrap elementor-element-populated\">\n\t\t\t\t\t\t<div class=\"elementor-element elementor-element-389a471 elementor-widget elementor-widget-spacer\" data-id=\"389a471\" data-element_type=\"widget\" data-e-type=\"widget\" data-widget_type=\"spacer.default\">\n\t\t\t\t<div class=\"elementor-widget-container\">\n\t\t\t\t\t\t\t<div class=\"elementor-spacer\">\n\t\t\t<div class=\"elementor-spacer-inner\"><\/div>\n\t\t<\/div>\n\t\t\t\t\t\t<\/div>\n\t\t\t\t<\/div>\n\t\t\t\t<div class=\"elementor-element elementor-element-662002e elementor-widget elementor-widget-heading\" data-id=\"662002e\" data-element_type=\"widget\" data-e-type=\"widget\" data-widget_type=\"heading.default\">\n\t\t\t\t<div class=\"elementor-widget-container\">\n\t\t\t\t\t<h3 class=\"elementor-heading-title elementor-size-xl\">Imprint<\/h3>\t\t\t\t<\/div>\n\t\t\t\t<\/div>\n\t\t\t\t<div class=\"elementor-element elementor-element-677f5c2 elementor-widget elementor-widget-heading\" data-id=\"677f5c2\" data-element_type=\"widget\" data-e-type=\"widget\" data-widget_type=\"heading.default\">\n\t\t\t\t<div class=\"elementor-widget-container\">\n\t\t\t\t\t<h2 class=\"elementor-heading-title elementor-size-default\">Information according to \u00a7 5 TGM (Telemedia Act)<\/h2>\t\t\t\t<\/div>\n\t\t\t\t<\/div>\n\t\t\t\t<div class=\"elementor-element elementor-element-4a45f61b elementor-widget elementor-widget-text-editor\" data-id=\"4a45f61b\" data-element_type=\"widget\" data-e-type=\"widget\" data-widget_type=\"text-editor.default\">\n\t\t\t\t<div class=\"elementor-widget-container\">\n\t\t\t\t\t\t\t\t\t<p><strong>LIVELY <br \/><\/strong>Praxis f\u00fcr \u00e4rztliche<br \/>Osteopathie, Orthop\u00e4die &amp; Sportmedizin<\/p><p>Klever Str. 25<br \/>40477 D\u00fcsseldorf<\/p><p><strong>CONTACT<\/strong><br \/>Phone: 0049 (0) 211\/490 255<br \/>E-Mail: praxis@lively-osteopathie.de<\/p><p>Website: <a href=\"https:\/\/lively-osteopathie.de\/en\/\">www.lively-osteopathie.de<\/a><\/p><p><b><br \/>Job Title <br \/><\/b>Dr. Leah Frank: Specialist in Neuromusculoskeletal Medicine and Osteopathic Manipulative Medicine (US)<br \/>Frank M\u00fcller: Specialist in Orthopedics<\/p><p><strong>Country of registration:<\/strong><br \/>Germany<b><\/b><\/p><p><strong>Competent supervisory authority:<br \/><\/strong>Kassen\u00e4rztliche Vereinigung Nordrhein<br \/>Tersteegenstra\u00dfe 9 <br \/>40474 D\u00fcsseldorf<\/p><p><strong>Competent medical association:<br \/><\/strong>\u00c4rztekammer Nordrhein<br \/><span class=\"Apple-converted-space\">Tersteegenstra\u00dfe 9 <br \/>40474 D\u00fcsseldorf <\/span><\/p><p><b>Professional Regulation:<br \/><a href=\"http:\/\/www.aekno.de\/htmljava\/c\/berufsordnung.htm\" target=\"_blank\" rel=\"noopener\">Professional code of conduct for North Rhine physicians<\/a><br \/><a href=\"http:\/\/www.aekno.de\/htmljava\/a\/heilberg.htm\" target=\"_blank\" rel=\"noopener\">Medical Profession Act of the State of North Rhine-Westphalia (HeilBerG)<\/a><\/b><\/p><div class=\"divlinks8309\"><div>\u00a0<\/div><\/div><p><b>EU Dispute Resolution<br \/><\/b>The European Commission provides a platform for online dispute resolution <a href=\"https:\/\/ec.europa.eu\/consumers\/odr\" target=\"_blank\" rel=\"noopener\">(OS): https:\/\/ec.europa.eu\/consumers\/odr.<\/a><br \/>You can find our e-mail address in the imprint above.<\/p><p><strong>Consumer dispute resolution\/universal arbitration board<\/strong><\/p><p>We are not willing or obliged to participate in dispute resolution proceedings before a consumer arbitration board.<\/p><p><b>Disclaimer for Content<\/b><\/p><p>The contents of our pages were created with the utmost care. However, we cannot guarantee the accuracy, completeness and timeliness of the content. As a service provider, we are, in accordance with \u00a7 7 para.1 TMG is responsible for its own content on these pages under the general laws. According to \u00a7\u00a7 8 to 10 TMG, however, we are not obligated as a service provider to monitor transmitted or stored third-party information or to investigate circumstances that indicate illegal activity. Obligations to remove or block the use of information in accordance with general laws remain unaffected. However, liability in this regard is only possible from the time of knowledge of a concrete infringement. If we become aware of any such infringements, we will remove the content in question immediately.<\/p><p><b>Liability for links<\/b><\/p><p>Our offer contains links to external websites of third parties, on whose contents we have no influence. Therefore, we cannot assume any liability for these external contents. The respective provider or operator of the pages is always responsible for the content of the linked pages. The linked pages were checked for possible legal violations at the time of linking. Illegal contents were not recognizable at the time of linking. However, a permanent control of the contents of the linked pages is not reasonable without concrete evidence of a violation of the law. If we become aware of any infringements of the law, we will remove such links immediately.<\/p><p><strong>Copyright<\/strong><\/p><p>The contents and works created by the site operators on these pages are subject to German copyright law. Duplication, processing, distribution, or any form of commercialization of such material beyond the scope of the copyright law shall require the prior written consent of its respective author or creator. Downloads and copies of these pages are only permitted for private, non-commercial use.<\/p><p>Insofar as the content on this page was not created by the operator, the copyrights of third parties are respected. In particular, third-party content is identified as such. Should you nevertheless become aware of a copyright infringement, please inform us accordingly. If we become aware of any infringements, we will remove such content immediately.<\/p><p class=\"bodytext\"><b>Photo Credits<\/b><\/p><p class=\"bodytext\"><span style=\"text-decoration: underline;\">Home<\/span><br \/>Waterbed: Bruce Frank<br \/>diers: <a class=\"\" href=\"http:\/\/diers.eu\/\">diers.eu<\/a><br \/>icons: istockphotos gm541313360-96825599<\/p><div><p><span style=\"text-decoration: underline;\">Physicians<\/span><\/p><div class=\"\"><p>Header Picture, Dr. Leah Frank: Julian Hartig<\/p><\/div><div><p><span style=\"text-decoration: underline;\">Specialities<\/span><\/p><div class=\"\">Osteopath, Frank M\u00fcller with Baby: Anna Bezold<\/div><div>Sport medicine: NorthCoast 24<\/div><div>\u00a0<\/div><div><span style=\"text-decoration: underline;\">CONDITIONS TREATED<\/span><\/div><\/div><div><div>Musculoskeletal: Eve Bensky<\/div><div>Abdomen: Eve Bensky<\/div><div>Child: Eve Bensky<\/div><\/div><\/div><div>\u00a0<\/div><p><strong>Website: Concept &amp; Design<\/strong><br \/>Sabrina Schmidt, contact@sin-n.com<\/p><p><strong>Hosting<br \/><\/strong>Strato, Contract for order processing is available<\/p>\t\t\t\t\t\t\t\t<\/div>\n\t\t\t\t<\/div>\n\t\t\t\t\t<\/div>\n\t\t<\/div>\n\t\t\t\t\t<\/div>\n\t\t<\/section>\n\t\t\t\t<\/div>\n\t\t","protected":false},"excerpt":{"rendered":"<p>Imprint Information according to \u00a7 5 TGM (Telemedia Act) LIVELY Praxis f\u00fcr \u00e4rztlicheOsteopathie, Orthop\u00e4die &amp; Sportmedizin Klever Str. 2540477 D\u00fcsseldorf CONTACTPhone: 0049 (0) 211\/490 255E-Mail: praxis@lively-osteopathie.de Website: www.lively-osteopathie.de Job Title Dr. Leah Frank: Specialist in Neuromusculoskeletal Medicine and Osteopathic Manipulative Medicine (US)Frank M\u00fcller: Specialist in Orthopedics Country of registration:Germany Competent supervisory authority:Kassen\u00e4rztliche Vereinigung NordrheinTersteegenstra\u00dfe 9 [&hellip;]<\/p>\n","protected":false},"author":1,"featured_media":0,"parent":0,"menu_order":0,"comment_status":"closed","ping_status":"open","template":"elementor_header_footer","meta":{"footnotes":""},"class_list":["post-5659","page","type-page","status-publish","hentry"],"yoast_head":"<!-- This site is optimized with the Yoast SEO plugin v27.5 - https:\/\/yoast.com\/product\/yoast-seo-wordpress\/ -->\n<title>Imprint - Lively \u00c4rztliche Osteopathie D\u00fcsseldorf<\/title>\n<meta name=\"robots\" content=\"index, follow, max-snippet:-1, max-image-preview:large, max-video-preview:-1\" \/>\n<link rel=\"canonical\" href=\"https:\/\/lively-osteopathie.de\/en\/imprint\/\" \/>\n<meta property=\"og:locale\" content=\"en_US\" \/>\n<meta property=\"og:type\" content=\"article\" \/>\n<meta property=\"og:title\" content=\"Imprint - Lively \u00c4rztliche Osteopathie D\u00fcsseldorf\" \/>\n<meta property=\"og:description\" content=\"Imprint Information according to \u00a7 5 TGM (Telemedia Act) LIVELY Praxis f\u00fcr \u00e4rztlicheOsteopathie, Orthop\u00e4die &amp; Sportmedizin Klever Str. 2540477 D\u00fcsseldorf CONTACTPhone: 0049 (0) 211\/490 255E-Mail: praxis@lively-osteopathie.de Website: www.lively-osteopathie.de Job Title Dr. Leah Frank: Specialist in Neuromusculoskeletal Medicine and Osteopathic Manipulative Medicine (US)Frank M\u00fcller: Specialist in Orthopedics Country of registration:Germany Competent supervisory authority:Kassen\u00e4rztliche Vereinigung NordrheinTersteegenstra\u00dfe 9 [&hellip;]\" \/>\n<meta property=\"og:url\" content=\"https:\/\/lively-osteopathie.de\/en\/imprint\/\" \/>\n<meta property=\"og:site_name\" content=\"Lively \u00c4rztliche Osteopathie D\u00fcsseldorf\" \/>\n<meta property=\"article:modified_time\" content=\"2023-02-03T10:23:23+00:00\" \/>\n<meta name=\"twitter:card\" content=\"summary_large_image\" \/>\n<meta name=\"twitter:label1\" content=\"Est. reading time\" \/>\n\t<meta name=\"twitter:data1\" content=\"3 minutes\" \/>\n<script type=\"application\/ld+json\" class=\"yoast-schema-graph\">{\"@context\":\"https:\\\/\\\/schema.org\",\"@graph\":[{\"@type\":\"WebPage\",\"@id\":\"https:\\\/\\\/lively-osteopathie.de\\\/en\\\/imprint\\\/\",\"url\":\"https:\\\/\\\/lively-osteopathie.de\\\/en\\\/imprint\\\/\",\"name\":\"Imprint - Lively \u00c4rztliche Osteopathie D\u00fcsseldorf\",\"isPartOf\":{\"@id\":\"https:\\\/\\\/lively-osteopathie.de\\\/en\\\/#website\"},\"datePublished\":\"2022-03-16T21:21:23+00:00\",\"dateModified\":\"2023-02-03T10:23:23+00:00\",\"breadcrumb\":{\"@id\":\"https:\\\/\\\/lively-osteopathie.de\\\/en\\\/imprint\\\/#breadcrumb\"},\"inLanguage\":\"en-US\",\"potentialAction\":[{\"@type\":\"ReadAction\",\"target\":[\"https:\\\/\\\/lively-osteopathie.de\\\/en\\\/imprint\\\/\"]}]},{\"@type\":\"BreadcrumbList\",\"@id\":\"https:\\\/\\\/lively-osteopathie.de\\\/en\\\/imprint\\\/#breadcrumb\",\"itemListElement\":[{\"@type\":\"ListItem\",\"position\":1,\"name\":\"Startseite\",\"item\":\"https:\\\/\\\/lively-osteopathie.de\\\/en\\\/\"},{\"@type\":\"ListItem\",\"position\":2,\"name\":\"Imprint\"}]},{\"@type\":\"WebSite\",\"@id\":\"https:\\\/\\\/lively-osteopathie.de\\\/en\\\/#website\",\"url\":\"https:\\\/\\\/lively-osteopathie.de\\\/en\\\/\",\"name\":\"Lively \u00c4rztliche Osteopathie D\u00fcsseldorf\",\"description\":\"Praxis f\u00fcr \u00e4rztliche Osteopathie, Orthop\u00e4die und Sportmedizin\",\"publisher\":{\"@id\":\"https:\\\/\\\/lively-osteopathie.de\\\/en\\\/#organization\"},\"potentialAction\":[{\"@type\":\"SearchAction\",\"target\":{\"@type\":\"EntryPoint\",\"urlTemplate\":\"https:\\\/\\\/lively-osteopathie.de\\\/en\\\/?s={search_term_string}\"},\"query-input\":{\"@type\":\"PropertyValueSpecification\",\"valueRequired\":true,\"valueName\":\"search_term_string\"}}],\"inLanguage\":\"en-US\"},{\"@type\":\"Organization\",\"@id\":\"https:\\\/\\\/lively-osteopathie.de\\\/en\\\/#organization\",\"name\":\"Lively \u00c4rztliche Osteopathie D\u00fcsseldorf\",\"url\":\"https:\\\/\\\/lively-osteopathie.de\\\/en\\\/\",\"logo\":{\"@type\":\"ImageObject\",\"inLanguage\":\"en-US\",\"@id\":\"https:\\\/\\\/lively-osteopathie.de\\\/en\\\/#\\\/schema\\\/logo\\\/image\\\/\",\"url\":\"https:\\\/\\\/lively-osteopathie.de\\\/wp-content\\\/uploads\\\/2021\\\/07\\\/Lively_V8-b.png\",\"contentUrl\":\"https:\\\/\\\/lively-osteopathie.de\\\/wp-content\\\/uploads\\\/2021\\\/07\\\/Lively_V8-b.png\",\"width\":2500,\"height\":1300,\"caption\":\"Lively \u00c4rztliche Osteopathie D\u00fcsseldorf\"},\"image\":{\"@id\":\"https:\\\/\\\/lively-osteopathie.de\\\/en\\\/#\\\/schema\\\/logo\\\/image\\\/\"}}]}<\/script>\n<!-- \/ Yoast SEO plugin. -->","yoast_head_json":{"title":"Imprint - Lively \u00c4rztliche Osteopathie D\u00fcsseldorf","robots":{"index":"index","follow":"follow","max-snippet":"max-snippet:-1","max-image-preview":"max-image-preview:large","max-video-preview":"max-video-preview:-1"},"canonical":"https:\/\/lively-osteopathie.de\/en\/imprint\/","og_locale":"en_US","og_type":"article","og_title":"Imprint - Lively \u00c4rztliche Osteopathie D\u00fcsseldorf","og_description":"Imprint Information according to \u00a7 5 TGM (Telemedia Act) LIVELY Praxis f\u00fcr \u00e4rztlicheOsteopathie, Orthop\u00e4die &amp; Sportmedizin Klever Str. 2540477 D\u00fcsseldorf CONTACTPhone: 0049 (0) 211\/490 255E-Mail: praxis@lively-osteopathie.de Website: www.lively-osteopathie.de Job Title Dr. Leah Frank: Specialist in Neuromusculoskeletal Medicine and Osteopathic Manipulative Medicine (US)Frank M\u00fcller: Specialist in Orthopedics Country of registration:Germany Competent supervisory authority:Kassen\u00e4rztliche Vereinigung NordrheinTersteegenstra\u00dfe 9 [&hellip;]","og_url":"https:\/\/lively-osteopathie.de\/en\/imprint\/","og_site_name":"Lively \u00c4rztliche Osteopathie D\u00fcsseldorf","article_modified_time":"2023-02-03T10:23:23+00:00","twitter_card":"summary_large_image","twitter_misc":{"Est. reading time":"3 minutes"},"schema":{"@context":"https:\/\/schema.org","@graph":[{"@type":"WebPage","@id":"https:\/\/lively-osteopathie.de\/en\/imprint\/","url":"https:\/\/lively-osteopathie.de\/en\/imprint\/","name":"Imprint - Lively \u00c4rztliche Osteopathie D\u00fcsseldorf","isPartOf":{"@id":"https:\/\/lively-osteopathie.de\/en\/#website"},"datePublished":"2022-03-16T21:21:23+00:00","dateModified":"2023-02-03T10:23:23+00:00","breadcrumb":{"@id":"https:\/\/lively-osteopathie.de\/en\/imprint\/#breadcrumb"},"inLanguage":"en-US","potentialAction":[{"@type":"ReadAction","target":["https:\/\/lively-osteopathie.de\/en\/imprint\/"]}]},{"@type":"BreadcrumbList","@id":"https:\/\/lively-osteopathie.de\/en\/imprint\/#breadcrumb","itemListElement":[{"@type":"ListItem","position":1,"name":"Startseite","item":"https:\/\/lively-osteopathie.de\/en\/"},{"@type":"ListItem","position":2,"name":"Imprint"}]},{"@type":"WebSite","@id":"https:\/\/lively-osteopathie.de\/en\/#website","url":"https:\/\/lively-osteopathie.de\/en\/","name":"Lively \u00c4rztliche Osteopathie D\u00fcsseldorf","description":"Praxis f\u00fcr \u00e4rztliche Osteopathie, Orthop\u00e4die und Sportmedizin","publisher":{"@id":"https:\/\/lively-osteopathie.de\/en\/#organization"},"potentialAction":[{"@type":"SearchAction","target":{"@type":"EntryPoint","urlTemplate":"https:\/\/lively-osteopathie.de\/en\/?s={search_term_string}"},"query-input":{"@type":"PropertyValueSpecification","valueRequired":true,"valueName":"search_term_string"}}],"inLanguage":"en-US"},{"@type":"Organization","@id":"https:\/\/lively-osteopathie.de\/en\/#organization","name":"Lively \u00c4rztliche Osteopathie D\u00fcsseldorf","url":"https:\/\/lively-osteopathie.de\/en\/","logo":{"@type":"ImageObject","inLanguage":"en-US","@id":"https:\/\/lively-osteopathie.de\/en\/#\/schema\/logo\/image\/","url":"https:\/\/lively-osteopathie.de\/wp-content\/uploads\/2021\/07\/Lively_V8-b.png","contentUrl":"https:\/\/lively-osteopathie.de\/wp-content\/uploads\/2021\/07\/Lively_V8-b.png","width":2500,"height":1300,"caption":"Lively \u00c4rztliche Osteopathie D\u00fcsseldorf"},"image":{"@id":"https:\/\/lively-osteopathie.de\/en\/#\/schema\/logo\/image\/"}}]}},"_links":{"self":[{"href":"https:\/\/lively-osteopathie.de\/en\/wp-json\/wp\/v2\/pages\/5659","targetHints":{"allow":["GET"]}}],"collection":[{"href":"https:\/\/lively-osteopathie.de\/en\/wp-json\/wp\/v2\/pages"}],"about":[{"href":"https:\/\/lively-osteopathie.de\/en\/wp-json\/wp\/v2\/types\/page"}],"author":[{"embeddable":true,"href":"https:\/\/lively-osteopathie.de\/en\/wp-json\/wp\/v2\/users\/1"}],"replies":[{"embeddable":true,"href":"https:\/\/lively-osteopathie.de\/en\/wp-json\/wp\/v2\/comments?post=5659"}],"version-history":[{"count":23,"href":"https:\/\/lively-osteopathie.de\/en\/wp-json\/wp\/v2\/pages\/5659\/revisions"}],"predecessor-version":[{"id":7016,"href":"https:\/\/lively-osteopathie.de\/en\/wp-json\/wp\/v2\/pages\/5659\/revisions\/7016"}],"wp:attachment":[{"href":"https:\/\/lively-osteopathie.de\/en\/wp-json\/wp\/v2\/media?parent=5659"}],"curies":[{"name":"wp","href":"https:\/\/api.w.org\/{rel}","templated":true}]}}